{"id":2133,"date":"2023-12-16T21:59:35","date_gmt":"2023-12-16T20:59:35","guid":{"rendered":"https:\/\/1millondearboles.com\/?page_id=2133"},"modified":"2023-12-16T22:04:44","modified_gmt":"2023-12-16T21:04:44","slug":"politica-de-privacidad","status":"publish","type":"page","link":"https:\/\/1millondearboles.com\/en\/politica-de-privacidad\/","title":{"rendered":"Privacy policy"},"content":{"rendered":"<div data-elementor-type=\"wp-page\" data-elementor-id=\"2133\" class=\"elementor elementor-2133\" data-elementor-post-type=\"page\">\n\t\t\t\t<div class=\"elementor-element elementor-element-83c265d e-flex e-con-boxed e-con e-parent\" data-id=\"83c265d\" data-element_type=\"container\" data-e-type=\"container\" data-settings=\"{&quot;background_background&quot;:&quot;classic&quot;}\">\n\t\t\t\t\t<div class=\"e-con-inner\">\n\t\t\t\t<div class=\"elementor-element elementor-element-a1c8962 elementor-widget elementor-widget-text-editor\" data-id=\"a1c8962\" data-element_type=\"widget\" data-e-type=\"widget\" data-widget_type=\"text-editor.default\">\n\t\t\t\t<div class=\"elementor-widget-container\">\n\t\t\t\t\t\t\t\t\t<h1>T\u00e9rminos y Condiciones<\/h1><p>Bienvenido a nuestro movimiento Un Mill\u00f3n de \u00c1rboles para San Mart\u00edn,. Estos t\u00e9rminos y condiciones regulan las donaciones hechas a trav\u00e9s de este sitio web https:\/\/1millondearboles.com<\/p><p><strong>1. Aceptaci\u00f3n de T\u00e9rminos<\/strong><br \/>Al realizar una donaci\u00f3n en nuestra p\u00e1gina https:\/\/1millondearboles.com usted acepta los t\u00e9rminos y condiciones indicados en todos estos puntos expuestos. Si usted no est\u00e1 de acuerdo con alguna parte de los t\u00e9rminos y condiciones, simplemente no realice una donaci\u00f3n.<\/p><p><strong>2. Elegibilidad para Donar<\/strong><br \/>Debe tener al menos 18 a\u00f1os de edad para realizar una donaci\u00f3n. Al realizar una donaci\u00f3n, usted declara y garantiza que tiene la edad legal para entrar en un contrato vinculante.<\/p><p><strong>3. Proceso de Donaci\u00f3n<\/strong><br \/>Las donaciones se pueden hacer mediante PayPal para usuarios internacionales y mediante YAPE para usuarios nacionales. Todas las donaciones son voluntarias y a discreci\u00f3n del donante.<\/p><p><strong>4. Seguridad de Cuenta y Credenciales<\/strong><br \/>Cada donante es responsable de mantener la seguridad y confidencialidad de sus credenciales de cuenta, incluyendo, pero no limitado a, contrase\u00f1as o detalles de m\u00e9todos de pago. Nuestra organizaci\u00f3n no tiene control sobre ni acceso a estas credenciales.<\/p><p><strong>5. Uso No Autorizado<\/strong><br \/>No nos hacemos responsables de las donaciones realizadas a trav\u00e9s de nuestro sitio web si dicha donaci\u00f3n se efect\u00faa utilizando las credenciales de cuenta de un usuario, independientemente de si el titular de la cuenta autoriz\u00f3 o no tal uso. Es responsabilidad del titular de la cuenta proteger sus credenciales contra el uso no autorizado.<\/p><p><strong>6. Uso de las Donaciones<\/strong><br \/>Las donaciones se utilizar\u00e1n exclusivamente para las actividades de reforestaci\u00f3n en la regi\u00f3n San Mart\u00edn &#8211; Peru. Nos comprometemos a utilizar los fondos recibidos de manera responsable y eficaz.<\/p><p><strong>7. Consentimiento de Donantes<\/strong><br \/>Al realizar una donaci\u00f3n, los donantes reconocen y aceptan que su contribuci\u00f3n es una donaci\u00f3n voluntaria y no es reembolsable.<\/p><p><strong>8. Privacidad de los Datos<\/strong><br \/>Nos comprometemos a proteger su privacidad y la seguridad de su informaci\u00f3n personal. La informaci\u00f3n recopilada a trav\u00e9s del proceso de donaci\u00f3n se utilizar\u00e1 solo para procesar su donaci\u00f3n y no se compartir\u00e1 con terceros, excepto seg\u00fan lo requerido por ley.<\/p><p><strong>9. Medidas de Seguridad<\/strong><br \/>Recomendamos encarecidamente a todos los usuarios tomar medidas proactivas para proteger la seguridad de sus cuentas, incluyendo el uso de contrase\u00f1as fuertes y la actualizaci\u00f3n regular de las mismas.<\/p><p><strong>10. Cambios a los T\u00e9rminos y Condiciones<\/strong><br \/>Nos reservamos el derecho de modificar estos t\u00e9rminos y condiciones en cualquier momento. Cualquier cambio entrar\u00e1 en vigor inmediatamente despu\u00e9s de su publicaci\u00f3n en nuestro sitio web.<\/p><p><strong>11. Contacto<\/strong><br \/>Si tiene alguna pregunta sobre estos t\u00e9rminos y condiciones, por favor cont\u00e1ctenos en Jr. Geiden vela 450 \u2013 MORALES &#8211; SAN MART\u00cdN &#8211; PER\u00da, o al celular +51 927235664<\/p><p>Fecha de \u00faltima actualizaci\u00f3n: 15 de diciembre del 2023<\/p>\t\t\t\t\t\t\t\t<\/div>\n\t\t\t\t<\/div>\n\t\t\t\t\t<\/div>\n\t\t\t\t<\/div>\n\t\t\t\t<\/div>","protected":false},"excerpt":{"rendered":"<p>T\u00e9rminos y Condiciones Bienvenido a nuestro movimiento Un Mill\u00f3n de \u00c1rboles para San Mart\u00edn,. Estos t\u00e9rminos y condiciones regulan las donaciones hechas a trav\u00e9s de este sitio web https:\/\/1millondearboles.com 1. Aceptaci\u00f3n de T\u00e9rminosAl realizar una donaci\u00f3n en nuestra p\u00e1gina https:\/\/1millondearboles.com usted acepta los t\u00e9rminos y condiciones indicados en todos estos puntos expuestos. Si usted no [&hellip;]<\/p>\n","protected":false},"author":1,"featured_media":0,"parent":0,"menu_order":0,"comment_status":"closed","ping_status":"closed","template":"elementor_header_footer","meta":{"give_campaign_id":0,"footnotes":""},"class_list":["post-2133","page","type-page","status-publish","hentry"],"campaignId":"","_links":{"self":[{"href":"https:\/\/1millondearboles.com\/en\/wp-json\/wp\/v2\/pages\/2133","targetHints":{"allow":["GET"]}}],"collection":[{"href":"https:\/\/1millondearboles.com\/en\/wp-json\/wp\/v2\/pages"}],"about":[{"href":"https:\/\/1millondearboles.com\/en\/wp-json\/wp\/v2\/types\/page"}],"author":[{"embeddable":true,"href":"https:\/\/1millondearboles.com\/en\/wp-json\/wp\/v2\/users\/1"}],"replies":[{"embeddable":true,"href":"https:\/\/1millondearboles.com\/en\/wp-json\/wp\/v2\/comments?post=2133"}],"version-history":[{"count":0,"href":"https:\/\/1millondearboles.com\/en\/wp-json\/wp\/v2\/pages\/2133\/revisions"}],"wp:attachment":[{"href":"https:\/\/1millondearboles.com\/en\/wp-json\/wp\/v2\/media?parent=2133"}],"curies":[{"name":"wp","href":"https:\/\/api.w.org\/{rel}","templated":true}]}}