{"id":5869,"date":"2024-03-11T17:01:49","date_gmt":"2024-03-11T16:01:49","guid":{"rendered":"https:\/\/1millondearboles.com\/?page_id=5869"},"modified":"2025-02-10T17:01:28","modified_gmt":"2025-02-10T16:01:28","slug":"blogs","status":"publish","type":"page","link":"https:\/\/1millondearboles.com\/en\/blogs\/","title":{"rendered":"Blogs"},"content":{"rendered":"<div data-elementor-type=\"wp-page\" data-elementor-id=\"5869\" class=\"elementor elementor-5869\" data-elementor-post-type=\"page\">\n\t\t\t\t<div class=\"elementor-element elementor-element-669eebf e-flex e-con-boxed e-con e-parent\" data-id=\"669eebf\" data-element_type=\"container\" data-e-type=\"container\" data-settings=\"{&quot;background_background&quot;:&quot;classic&quot;}\">\n\t\t\t\t\t<div class=\"e-con-inner\">\n\t\t\t\t<div class=\"elementor-element elementor-element-97e1a95 elementor-widget elementor-widget-heading\" data-id=\"97e1a95\" data-element_type=\"widget\" data-e-type=\"widget\" data-widget_type=\"heading.default\">\n\t\t\t\t<div class=\"elementor-widget-container\">\n\t\t\t\t\t<h2 class=\"elementor-heading-title elementor-size-default\">Blogs and articles<\/h2>\t\t\t\t<\/div>\n\t\t\t\t<\/div>\n\t\t<div class=\"elementor-element elementor-element-ed664fe e-grid e-con-full e-con e-child\" data-id=\"ed664fe\" data-element_type=\"container\" data-e-type=\"container\">\n\t\t<div class=\"elementor-element elementor-element-d2c3cab e-con-full e-flex e-con e-child\" data-id=\"d2c3cab\" data-element_type=\"container\" data-e-type=\"container\" data-settings=\"{&quot;background_background&quot;:&quot;classic&quot;}\">\n\t\t\t\t<div class=\"elementor-element elementor-element-d25024c elementor-widget elementor-widget-image\" data-id=\"d25024c\" data-element_type=\"widget\" data-e-type=\"widget\" data-widget_type=\"image.default\">\n\t\t\t\t<div class=\"elementor-widget-container\">\n\t\t\t\t\t\t\t\t\t\t\t\t\t\t\t\t<a href=\"https:\/\/1millondearboles.com\/en\/beneficios-de-plantar-un-millon-de-arboles\/\">\n\t\t\t\t\t\t\t<img fetchpriority=\"high\" decoding=\"async\" width=\"1024\" height=\"577\" src=\"https:\/\/1millondearboles.com\/wp-content\/uploads\/2024\/01\/Yellow-and-Black-Photo-Food-Facebook-Cover-5-1024x577.png\" class=\"attachment-large size-large wp-image-4526\" alt=\"un mill\u00f3n de \u00e1rboles\" srcset=\"https:\/\/1millondearboles.com\/wp-content\/uploads\/2024\/01\/Yellow-and-Black-Photo-Food-Facebook-Cover-5-1024x577.png 1024w, https:\/\/1millondearboles.com\/wp-content\/uploads\/2024\/01\/Yellow-and-Black-Photo-Food-Facebook-Cover-5-300x169.png 300w, https:\/\/1millondearboles.com\/wp-content\/uploads\/2024\/01\/Yellow-and-Black-Photo-Food-Facebook-Cover-5-768x433.png 768w, https:\/\/1millondearboles.com\/wp-content\/uploads\/2024\/01\/Yellow-and-Black-Photo-Food-Facebook-Cover-5-1536x865.png 1536w, https:\/\/1millondearboles.com\/wp-content\/uploads\/2024\/01\/Yellow-and-Black-Photo-Food-Facebook-Cover-5-2048x1154.png 2048w, https:\/\/1millondearboles.com\/wp-content\/uploads\/2024\/01\/Yellow-and-Black-Photo-Food-Facebook-Cover-5-600x338.png 600w\" sizes=\"(max-width: 1024px) 100vw, 1024px\" \/>\t\t\t\t\t\t\t\t<\/a>\n\t\t\t\t\t\t\t\t\t\t\t\t\t\t\t<\/div>\n\t\t\t\t<\/div>\n\t\t\t\t<div class=\"elementor-element elementor-element-8c39fd1 elementor-widget elementor-widget-heading\" data-id=\"8c39fd1\" data-element_type=\"widget\" data-e-type=\"widget\" data-widget_type=\"heading.default\">\n\t\t\t\t<div class=\"elementor-widget-container\">\n\t\t\t\t\t<h2 class=\"elementor-heading-title elementor-size-default\"><a href=\"https:\/\/1millondearboles.com\/en\/beneficios-de-plantar-un-millon-de-arboles\/\">Benefits of A Million Trees<\/a><\/h2>\t\t\t\t<\/div>\n\t\t\t\t<\/div>\n\t\t\t\t<div class=\"elementor-element elementor-element-6e049c6 elementor-widget elementor-widget-text-editor\" data-id=\"6e049c6\" data-element_type=\"widget\" data-e-type=\"widget\" data-widget_type=\"text-editor.default\">\n\t\t\t\t<div class=\"elementor-widget-container\">\n\t\t\t\t\t\t\t\t\t<p style=\"margin: 0 color: #61CE70;\"><a style=\"margin: 0; color: #61ce70;\" href=\"https:\/\/1millondearboles.com\/en\/beneficios-de-plantar-un-millon-de-arboles\/\">ir a art\u00edculo<\/a><\/p>\t\t\t\t\t\t\t\t<\/div>\n\t\t\t\t<\/div>\n\t\t\t\t<\/div>\n\t\t<div class=\"elementor-element elementor-element-e0a911b e-con-full e-flex e-con e-child\" data-id=\"e0a911b\" data-element_type=\"container\" data-e-type=\"container\" data-settings=\"{&quot;background_background&quot;:&quot;classic&quot;}\">\n\t\t\t\t<div class=\"elementor-element elementor-element-15a5994 elementor-widget elementor-widget-image\" data-id=\"15a5994\" data-element_type=\"widget\" data-e-type=\"widget\" data-widget_type=\"image.default\">\n\t\t\t\t<div class=\"elementor-widget-container\">\n\t\t\t\t\t\t\t\t\t\t\t\t\t\t\t\t<a href=\"https:\/\/1millondearboles.com\/en\/beneficios-de-plantar-un-millon-de-arboles\/\">\n\t\t\t\t\t\t\t<img decoding=\"async\" width=\"1024\" height=\"683\" src=\"https:\/\/1millondearboles.com\/wp-content\/uploads\/2024\/02\/pexels-quang-nguyen-vinh-2518891-1024x683.jpg\" class=\"attachment-large size-large wp-image-5539\" alt=\"\" srcset=\"https:\/\/1millondearboles.com\/wp-content\/uploads\/2024\/02\/pexels-quang-nguyen-vinh-2518891-1024x683.jpg 1024w, https:\/\/1millondearboles.com\/wp-content\/uploads\/2024\/02\/pexels-quang-nguyen-vinh-2518891-300x200.jpg 300w, https:\/\/1millondearboles.com\/wp-content\/uploads\/2024\/02\/pexels-quang-nguyen-vinh-2518891-768x512.jpg 768w, https:\/\/1millondearboles.com\/wp-content\/uploads\/2024\/02\/pexels-quang-nguyen-vinh-2518891-1536x1025.jpg 1536w, https:\/\/1millondearboles.com\/wp-content\/uploads\/2024\/02\/pexels-quang-nguyen-vinh-2518891-2048x1366.jpg 2048w, https:\/\/1millondearboles.com\/wp-content\/uploads\/2024\/02\/pexels-quang-nguyen-vinh-2518891-600x400.jpg 600w\" sizes=\"(max-width: 1024px) 100vw, 1024px\">\t\t\t\t\t\t\t\t<\/a>\n\t\t\t\t\t\t\t\t\t\t\t\t\t\t\t<\/div>\n\t\t\t\t<\/div>\n\t\t\t\t<div class=\"elementor-element elementor-element-f8199e1 elementor-widget elementor-widget-heading\" data-id=\"f8199e1\" data-element_type=\"widget\" data-e-type=\"widget\" data-widget_type=\"heading.default\">\n\t\t\t\t<div class=\"elementor-widget-container\">\n\t\t\t\t\t<h2 class=\"elementor-heading-title elementor-size-default\"><a href=\"https:\/\/1millondearboles.com\/en\/proyecto-de-reforestacion-selva-peruana\/\">Reforestation in the peruvian jungle<\/a><\/h2>\t\t\t\t<\/div>\n\t\t\t\t<\/div>\n\t\t\t\t<div class=\"elementor-element elementor-element-1d47f7e elementor-widget elementor-widget-text-editor\" data-id=\"1d47f7e\" data-element_type=\"widget\" data-e-type=\"widget\" data-widget_type=\"text-editor.default\">\n\t\t\t\t<div class=\"elementor-widget-container\">\n\t\t\t\t\t\t\t\t\t<p style=\"margin: 0 color: #61CE70;\"><a style=\"color: #61ce70;\" href=\"https:\/\/1millondearboles.com\/en\/proyecto-de-reforestacion-selva-peruana\/\">ir a art\u00edculo<\/a><\/p>\t\t\t\t\t\t\t\t<\/div>\n\t\t\t\t<\/div>\n\t\t\t\t<\/div>\n\t\t<div class=\"elementor-element elementor-element-288d5ed e-con-full e-flex e-con e-child\" data-id=\"288d5ed\" data-element_type=\"container\" data-e-type=\"container\" data-settings=\"{&quot;background_background&quot;:&quot;classic&quot;}\">\n\t\t\t\t<div class=\"elementor-element elementor-element-b7592b8 elementor-widget elementor-widget-image\" data-id=\"b7592b8\" data-element_type=\"widget\" data-e-type=\"widget\" data-widget_type=\"image.default\">\n\t\t\t\t<div class=\"elementor-widget-container\">\n\t\t\t\t\t\t\t\t\t\t\t\t\t\t\t\t<a href=\"https:\/\/1millondearboles.com\/en\/guia-para-plantar-un-arbol\/\">\n\t\t\t\t\t\t\t<img decoding=\"async\" width=\"1024\" height=\"682\" src=\"https:\/\/1millondearboles.com\/wp-content\/uploads\/2024\/01\/imagen_2024-03-11_084527111-1024x682.png\" class=\"attachment-large size-large wp-image-5829\" alt=\"\" srcset=\"https:\/\/1millondearboles.com\/wp-content\/uploads\/2024\/01\/imagen_2024-03-11_084527111-1024x682.png 1024w, https:\/\/1millondearboles.com\/wp-content\/uploads\/2024\/01\/imagen_2024-03-11_084527111-300x200.png 300w, https:\/\/1millondearboles.com\/wp-content\/uploads\/2024\/01\/imagen_2024-03-11_084527111-768x512.png 768w, https:\/\/1millondearboles.com\/wp-content\/uploads\/2024\/01\/imagen_2024-03-11_084527111-600x400.png 600w, https:\/\/1millondearboles.com\/wp-content\/uploads\/2024\/01\/imagen_2024-03-11_084527111.png 1480w\" sizes=\"(max-width: 1024px) 100vw, 1024px\">\t\t\t\t\t\t\t\t<\/a>\n\t\t\t\t\t\t\t\t\t\t\t\t\t\t\t<\/div>\n\t\t\t\t<\/div>\n\t\t\t\t<div class=\"elementor-element elementor-element-5f26fd8 elementor-widget elementor-widget-heading\" data-id=\"5f26fd8\" data-element_type=\"widget\" data-e-type=\"widget\" data-widget_type=\"heading.default\">\n\t\t\t\t<div class=\"elementor-widget-container\">\n\t\t\t\t\t<h2 class=\"elementor-heading-title elementor-size-default\"><a href=\"https:\/\/1millondearboles.com\/en\/guia-de-pasos-para-plantar-arboles\/\">Guide to <br>plant a tree<\/a><\/h2>\t\t\t\t<\/div>\n\t\t\t\t<\/div>\n\t\t\t\t<div class=\"elementor-element elementor-element-51fde57 elementor-widget elementor-widget-text-editor\" data-id=\"51fde57\" data-element_type=\"widget\" data-e-type=\"widget\" data-widget_type=\"text-editor.default\">\n\t\t\t\t<div class=\"elementor-widget-container\">\n\t\t\t\t\t\t\t\t\t<p style=\"margin: 0 color: #61CE70;\"><a style=\"color: #61ce70;\" href=\"https:\/\/1millondearboles.com\/en\/guia-de-pasos-para-plantar-arboles\/\">ir a art\u00edculo<\/a><\/p>\t\t\t\t\t\t\t\t<\/div>\n\t\t\t\t<\/div>\n\t\t\t\t<\/div>\n\t\t<div class=\"elementor-element elementor-element-b66efc7 e-con-full e-flex e-con e-child\" data-id=\"b66efc7\" data-element_type=\"container\" data-e-type=\"container\" data-settings=\"{&quot;background_background&quot;:&quot;classic&quot;}\">\n\t\t\t\t<div class=\"elementor-element elementor-element-b39b8db elementor-widget elementor-widget-image\" data-id=\"b39b8db\" data-element_type=\"widget\" data-e-type=\"widget\" data-widget_type=\"image.default\">\n\t\t\t\t<div class=\"elementor-widget-container\">\n\t\t\t\t\t\t\t\t\t\t\t\t\t\t\t\t<a href=\"https:\/\/1millondearboles.com\/en\/reforestar-para-restaurar-los-ecosistemas\/\">\n\t\t\t\t\t\t\t<img loading=\"lazy\" decoding=\"async\" width=\"1024\" height=\"683\" src=\"https:\/\/1millondearboles.com\/wp-content\/uploads\/2024\/09\/field-fire-with-thick-smoke-rising-1024x683.jpg\" class=\"attachment-large size-large wp-image-6891\" alt=\"\" srcset=\"https:\/\/1millondearboles.com\/wp-content\/uploads\/2024\/09\/field-fire-with-thick-smoke-rising-1024x683.jpg 1024w, https:\/\/1millondearboles.com\/wp-content\/uploads\/2024\/09\/field-fire-with-thick-smoke-rising-300x200.jpg 300w, https:\/\/1millondearboles.com\/wp-content\/uploads\/2024\/09\/field-fire-with-thick-smoke-rising-768x512.jpg 768w, https:\/\/1millondearboles.com\/wp-content\/uploads\/2024\/09\/field-fire-with-thick-smoke-rising-1536x1024.jpg 1536w, https:\/\/1millondearboles.com\/wp-content\/uploads\/2024\/09\/field-fire-with-thick-smoke-rising-2048x1365.jpg 2048w, https:\/\/1millondearboles.com\/wp-content\/uploads\/2024\/09\/field-fire-with-thick-smoke-rising-18x12.jpg 18w, https:\/\/1millondearboles.com\/wp-content\/uploads\/2024\/09\/field-fire-with-thick-smoke-rising-600x400.jpg 600w\" sizes=\"(max-width: 1024px) 100vw, 1024px\">\t\t\t\t\t\t\t\t<\/a>\n\t\t\t\t\t\t\t\t\t\t\t\t\t\t\t<\/div>\n\t\t\t\t<\/div>\n\t\t\t\t<div class=\"elementor-element elementor-element-894cdd1 elementor-widget elementor-widget-heading\" data-id=\"894cdd1\" data-element_type=\"widget\" data-e-type=\"widget\" data-widget_type=\"heading.default\">\n\t\t\t\t<div class=\"elementor-widget-container\">\n\t\t\t\t\t<h2 class=\"elementor-heading-title elementor-size-default\"><a href=\"https:\/\/1millondearboles.com\/en\/reforestar-para-restaurar-los-ecosistemas\/\">The need to reforest<\/a><\/h2>\t\t\t\t<\/div>\n\t\t\t\t<\/div>\n\t\t\t\t<div class=\"elementor-element elementor-element-cf4605e elementor-widget elementor-widget-text-editor\" data-id=\"cf4605e\" data-element_type=\"widget\" data-e-type=\"widget\" data-widget_type=\"text-editor.default\">\n\t\t\t\t<div class=\"elementor-widget-container\">\n\t\t\t\t\t\t\t\t\t<p style=\"margin: 0 color: #61CE70;\"><a style=\"color: #61ce70;\" href=\"https:\/\/1millondearboles.com\/en\/reforestar-para-restaurar-los-ecosistemas\/\">ir a art\u00edculo<\/a><\/p>\t\t\t\t\t\t\t\t<\/div>\n\t\t\t\t<\/div>\n\t\t\t\t<\/div>\n\t\t<div class=\"elementor-element elementor-element-3372a73 e-con-full e-flex e-con e-child\" data-id=\"3372a73\" data-element_type=\"container\" data-e-type=\"container\" data-settings=\"{&quot;background_background&quot;:&quot;classic&quot;}\">\n\t\t\t\t<div class=\"elementor-element elementor-element-347db4c elementor-widget elementor-widget-image\" data-id=\"347db4c\" data-element_type=\"widget\" data-e-type=\"widget\" data-widget_type=\"image.default\">\n\t\t\t\t<div class=\"elementor-widget-container\">\n\t\t\t\t\t\t\t\t\t\t\t\t\t\t\t\t<a href=\"https:\/\/1millondearboles.com\/en\/los-arboles-del-futuro-especies-perfectas-para-una-reforestacion-sostenible\/\">\n\t\t\t\t\t\t\t<img loading=\"lazy\" decoding=\"async\" width=\"1024\" height=\"683\" src=\"https:\/\/1millondearboles.com\/wp-content\/uploads\/2025\/01\/gardening-1024x683.jpg\" class=\"attachment-large size-large wp-image-7800\" alt=\"\" srcset=\"https:\/\/1millondearboles.com\/wp-content\/uploads\/2025\/01\/gardening-1024x683.jpg 1024w, https:\/\/1millondearboles.com\/wp-content\/uploads\/2025\/01\/gardening-300x200.jpg 300w, https:\/\/1millondearboles.com\/wp-content\/uploads\/2025\/01\/gardening-768x512.jpg 768w, https:\/\/1millondearboles.com\/wp-content\/uploads\/2025\/01\/gardening-1536x1024.jpg 1536w, https:\/\/1millondearboles.com\/wp-content\/uploads\/2025\/01\/gardening-2048x1365.jpg 2048w, https:\/\/1millondearboles.com\/wp-content\/uploads\/2025\/01\/gardening-18x12.jpg 18w, https:\/\/1millondearboles.com\/wp-content\/uploads\/2025\/01\/gardening-600x400.jpg 600w\" sizes=\"(max-width: 1024px) 100vw, 1024px\">\t\t\t\t\t\t\t\t<\/a>\n\t\t\t\t\t\t\t\t\t\t\t\t\t\t\t<\/div>\n\t\t\t\t<\/div>\n\t\t\t\t<div class=\"elementor-element elementor-element-7da1f6f elementor-widget elementor-widget-heading\" data-id=\"7da1f6f\" data-element_type=\"widget\" data-e-type=\"widget\" data-widget_type=\"heading.default\">\n\t\t\t\t<div class=\"elementor-widget-container\">\n\t\t\t\t\t<h2 class=\"elementor-heading-title elementor-size-default\"><a href=\"https:\/\/1millondearboles.com\/en\/los-arboles-del-futuro-especies-perfectas-para-una-reforestacion-sostenible\/\">Los \u00e1rboles <br>del futuro<\/a><\/h2>\t\t\t\t<\/div>\n\t\t\t\t<\/div>\n\t\t\t\t<div class=\"elementor-element elementor-element-43b39a1 elementor-widget elementor-widget-text-editor\" data-id=\"43b39a1\" data-element_type=\"widget\" data-e-type=\"widget\" data-widget_type=\"text-editor.default\">\n\t\t\t\t<div class=\"elementor-widget-container\">\n\t\t\t\t\t\t\t\t\t<p style=\"margin: 0 color: #61CE70;\"><a style=\"color: #61ce70;\" href=\"https:\/\/1millondearboles.com\/en\/los-arboles-del-futuro-especies-perfectas-para-una-reforestacion-sostenible\/\">ir a art\u00edculo<\/a><\/p>\t\t\t\t\t\t\t\t<\/div>\n\t\t\t\t<\/div>\n\t\t\t\t<\/div>\n\t\t\t\t<\/div>\n\t\t\t\t\t<\/div>\n\t\t\t\t<\/div>\n\t\t\t\t<\/div>","protected":false},"excerpt":{"rendered":"<p>Blogs y art\u00edculos Beneficios de Un Mill\u00f3n de \u00c1rboles ir a art\u00edculo Reforestaci\u00f3n en la selva peruana ir a art\u00edculo Gu\u00eda para plantar un \u00e1rbol ir a art\u00edculo La necesidad de reforestar ir a art\u00edculo Los \u00e1rboles del futuro ir a art\u00edculo<\/p>","protected":false},"author":1,"featured_media":0,"parent":0,"menu_order":0,"comment_status":"closed","ping_status":"closed","template":"","meta":{"give_campaign_id":0,"footnotes":""},"class_list":["post-5869","page","type-page","status-publish","hentry"],"campaignId":"","_links":{"self":[{"href":"https:\/\/1millondearboles.com\/en\/wp-json\/wp\/v2\/pages\/5869","targetHints":{"allow":["GET"]}}],"collection":[{"href":"https:\/\/1millondearboles.com\/en\/wp-json\/wp\/v2\/pages"}],"about":[{"href":"https:\/\/1millondearboles.com\/en\/wp-json\/wp\/v2\/types\/page"}],"author":[{"embeddable":true,"href":"https:\/\/1millondearboles.com\/en\/wp-json\/wp\/v2\/users\/1"}],"replies":[{"embeddable":true,"href":"https:\/\/1millondearboles.com\/en\/wp-json\/wp\/v2\/comments?post=5869"}],"version-history":[{"count":39,"href":"https:\/\/1millondearboles.com\/en\/wp-json\/wp\/v2\/pages\/5869\/revisions"}],"predecessor-version":[{"id":7967,"href":"https:\/\/1millondearboles.com\/en\/wp-json\/wp\/v2\/pages\/5869\/revisions\/7967"}],"wp:attachment":[{"href":"https:\/\/1millondearboles.com\/en\/wp-json\/wp\/v2\/media?parent=5869"}],"curies":[{"name":"wp","href":"https:\/\/api.w.org\/{rel}","templated":true}]}}